{"id":10204,"date":"2026-04-12T00:56:37","date_gmt":"2026-04-11T21:56:37","guid":{"rendered":"https:\/\/esemgoldist.com\/?post_type=product&#038;p=10204"},"modified":"2026-04-12T10:39:22","modified_gmt":"2026-04-12T07:39:22","slug":"925-ayar-8-milim-mayruka-inci-kupe","status":"publish","type":"product","link":"https:\/\/esemgoldist.com\/index.php\/urun\/925-ayar-8-milim-mayruka-inci-kupe\/","title":{"rendered":"925 AYAR 8 M\u0130L\u0130M MAYRUKA \u0130NC\u0130 K\u00dcPE"},"content":{"rendered":"<div id=\"rich-content-wrapper\">\n<div>\n<div>\n<div>\n<div>\n<div>\n<div>\n<div>\n<div>925 ayar g\u00fcm\u00fc\u015f malzeme ile \u00fcretilmi\u015f, uzun \u00f6m\u00fcrl\u00fc ve kaliteli bir aksesuar deneyimi sunar.; &#8211; Beyaz inci ta\u015flar\u0131, zarif ve sofistike bir g\u00f6r\u00fcn\u00fcm kazand\u0131rarak her t\u00fcrl\u00fc k\u0131yafetle uyum sa\u011flar.; &#8211; Tek ebat tasar\u0131m\u0131 sayesinde farkl\u0131 kulak boyutlar\u0131na kolayca uyum sa\u011flar ve rahat bir kullan\u0131m sunar.; &#8211; G\u00fcnl\u00fck kullan\u0131m i\u00e7in ideal olan bu k\u00fcpeler, hem \u015f\u0131kl\u0131\u011f\u0131 hem de konforu bir arada arayanlar i\u00e7in m\u00fckemmel bir tercihtir.; &#8211; Nemli bir bezle kolayca temizlenebilir olmas\u0131, bak\u0131m\u0131 pratik ve zahmetsiz hale getirir.; &#8211; T\u00fcrkiye&#8217;de \u00fcretilen bu \u00fcr\u00fcn, yerel i\u015f\u00e7ili\u011fi desteklerken ayn\u0131 zamanda kalite standartlar\u0131na uygunlu\u011fu garanti eder.<\/div>\n<\/div>\n<\/div>\n<\/div>\n<\/div>\n<\/div>\n<\/div>\n<div><\/div>\n<\/div>\n<\/div>\n","protected":false},"excerpt":{"rendered":"<p>925 ayar g\u00fcm\u00fc\u015f malzeme ile \u00fcretilmi\u015f, uzun \u00f6m\u00fcrl\u00fc ve kaliteli bir aksesuar deneyimi sunar.; &#8211; Beyaz inci ta\u015flar\u0131, zarif ve<\/p>\n","protected":false},"featured_media":10210,"comment_status":"open","ping_status":"closed","template":"","meta":[],"product_brand":[],"product_cat":[42],"product_tag":[],"class_list":{"0":"post-10204","1":"product","2":"type-product","3":"status-publish","4":"has-post-thumbnail","6":"product_cat-kupe","8":"first","9":"instock","10":"sale","11":"shipping-taxable","12":"purchasable","13":"product-type-simple"},"_links":{"self":[{"href":"https:\/\/esemgoldist.com\/index.php\/wp-json\/wp\/v2\/product\/10204","targetHints":{"allow":["GET"]}}],"collection":[{"href":"https:\/\/esemgoldist.com\/index.php\/wp-json\/wp\/v2\/product"}],"about":[{"href":"https:\/\/esemgoldist.com\/index.php\/wp-json\/wp\/v2\/types\/product"}],"replies":[{"embeddable":true,"href":"https:\/\/esemgoldist.com\/index.php\/wp-json\/wp\/v2\/comments?post=10204"}],"wp:featuredmedia":[{"embeddable":true,"href":"https:\/\/esemgoldist.com\/index.php\/wp-json\/wp\/v2\/media\/10210"}],"wp:attachment":[{"href":"https:\/\/esemgoldist.com\/index.php\/wp-json\/wp\/v2\/media?parent=10204"}],"wp:term":[{"taxonomy":"product_brand","embeddable":true,"href":"https:\/\/esemgoldist.com\/index.php\/wp-json\/wp\/v2\/product_brand?post=10204"},{"taxonomy":"product_cat","embeddable":true,"href":"https:\/\/esemgoldist.com\/index.php\/wp-json\/wp\/v2\/product_cat?post=10204"},{"taxonomy":"product_tag","embeddable":true,"href":"https:\/\/esemgoldist.com\/index.php\/wp-json\/wp\/v2\/product_tag?post=10204"}],"curies":[{"name":"wp","href":"https:\/\/api.w.org\/{rel}","templated":true}]}}