{"id":10261,"date":"2026-04-12T11:52:00","date_gmt":"2026-04-12T08:52:00","guid":{"rendered":"https:\/\/esemgoldist.com\/?post_type=product&#038;p=10261"},"modified":"2026-04-12T12:05:25","modified_gmt":"2026-04-12T09:05:25","slug":"925-ayar-isiltili-tektas-sallantili-siyah-gumus-inci-kupe","status":"publish","type":"product","link":"https:\/\/esemgoldist.com\/index.php\/urun\/925-ayar-isiltili-tektas-sallantili-siyah-gumus-inci-kupe\/","title":{"rendered":"925 Ayar \u0131\u015f\u0131lt\u0131l\u0131 tekta\u015f sallant\u0131l\u0131 siyah g\u00fcm\u00fc\u015f inci k\u00fcpe"},"content":{"rendered":"<p>925 AYAR G\u00dcM\u00dc\u015e I\u015eILTILI S\u0130YAH \u0130NC\u0130 K\u00dcPE 925 ayar g\u00fcm\u00fc\u015f malzemesi ile \u00fcretilmi\u015f, uzun \u00f6m\u00fcrl\u00fc ve kaliteli bir aksesuar deneyimi sunar.; &#8211; G\u00f6z al\u0131c\u0131 inci ta\u015flar\u0131, her t\u00fcrl\u00fc k\u0131yafetle uyum sa\u011flayarak \u015f\u0131kl\u0131\u011f\u0131n\u0131z\u0131 tamamlar.; &#8211; Kat\u0131 yap\u0131s\u0131 sayesinde g\u00fcnl\u00fck kullan\u0131mda rahatl\u0131k ve dayan\u0131kl\u0131l\u0131k sa\u011flar.; &#8211; T\u00fcrkiye men\u015feli olmas\u0131yla yerel \u00fcretim desteklenmi\u015f ve kaliteli i\u015f\u00e7ilikle harmanlanm\u0131\u015ft\u0131r.; &#8211; Nemli bir bezle kolayca temizlenebilir, b\u00f6ylece k\u00fcpenizin parlakl\u0131\u011f\u0131n\u0131 koruyabilirsiniz. Tekta\u015f s\u0131kl\u0131\u011f\u0131yla size g\u00fczeli\u011finize g\u00fczelik katar.<\/p>\n","protected":false},"excerpt":{"rendered":"<p>925 AYAR G\u00dcM\u00dc\u015e I\u015eILTILI S\u0130YAH \u0130NC\u0130 K\u00dcPE 925 ayar g\u00fcm\u00fc\u015f malzemesi ile \u00fcretilmi\u015f, uzun \u00f6m\u00fcrl\u00fc ve kaliteli bir aksesuar deneyimi<\/p>\n","protected":false},"featured_media":10265,"comment_status":"open","ping_status":"closed","template":"","meta":[],"product_brand":[],"product_cat":[33,21],"product_tag":[],"class_list":{"0":"post-10261","1":"product","2":"type-product","3":"status-publish","4":"has-post-thumbnail","6":"product_cat-bileklik","7":"product_cat-esem-gold","9":"first","10":"instock","11":"sale","12":"shipping-taxable","13":"purchasable","14":"product-type-simple"},"_links":{"self":[{"href":"https:\/\/esemgoldist.com\/index.php\/wp-json\/wp\/v2\/product\/10261","targetHints":{"allow":["GET"]}}],"collection":[{"href":"https:\/\/esemgoldist.com\/index.php\/wp-json\/wp\/v2\/product"}],"about":[{"href":"https:\/\/esemgoldist.com\/index.php\/wp-json\/wp\/v2\/types\/product"}],"replies":[{"embeddable":true,"href":"https:\/\/esemgoldist.com\/index.php\/wp-json\/wp\/v2\/comments?post=10261"}],"wp:featuredmedia":[{"embeddable":true,"href":"https:\/\/esemgoldist.com\/index.php\/wp-json\/wp\/v2\/media\/10265"}],"wp:attachment":[{"href":"https:\/\/esemgoldist.com\/index.php\/wp-json\/wp\/v2\/media?parent=10261"}],"wp:term":[{"taxonomy":"product_brand","embeddable":true,"href":"https:\/\/esemgoldist.com\/index.php\/wp-json\/wp\/v2\/product_brand?post=10261"},{"taxonomy":"product_cat","embeddable":true,"href":"https:\/\/esemgoldist.com\/index.php\/wp-json\/wp\/v2\/product_cat?post=10261"},{"taxonomy":"product_tag","embeddable":true,"href":"https:\/\/esemgoldist.com\/index.php\/wp-json\/wp\/v2\/product_tag?post=10261"}],"curies":[{"name":"wp","href":"https:\/\/api.w.org\/{rel}","templated":true}]}}