{"id":10267,"date":"2026-04-12T12:10:39","date_gmt":"2026-04-12T09:10:39","guid":{"rendered":"https:\/\/esemgoldist.com\/?post_type=product&#038;p=10267"},"modified":"2026-04-12T12:12:36","modified_gmt":"2026-04-12T09:12:36","slug":"925-ayar-gumus-isiltili-beyaz-inci-kolye-ve-kupe-seti","status":"publish","type":"product","link":"https:\/\/esemgoldist.com\/index.php\/urun\/925-ayar-gumus-isiltili-beyaz-inci-kolye-ve-kupe-seti\/","title":{"rendered":"925 AYAR G\u00dcM\u00dc\u015e I\u015eILTILI BEYAZ \u0130NC\u0130 KOLYE VE K\u00dcPE SET\u0130"},"content":{"rendered":"<p>925 AYAR G\u00dcM\u00dc\u015e I\u015eILTILI BEYAZ \u0130NC\u0130 KOLYE VE K\u00dcPE SET\u0130 Zarafetin En Saf Hali: \u0130nci Damlas\u0131 Set \ud83e\udd0d Do\u011fan\u0131n bize sundu\u011fu en saf hediye olan inciler, modern bir tasar\u0131mla bulu\u015ftu.; Minimalist damla formu ve g\u00fcm\u00fc\u015f\u00fcn so\u011fuk \u015f\u0131kl\u0131\u011f\u0131yla birle\u015fen bu set, hem g\u00fcnl\u00fck \u015f\u0131kl\u0131\u011f\u0131n\u0131z\u0131 tamamlayacak hem de \u00f6zel gecelerinizde \u0131\u015f\u0131\u011f\u0131n\u0131z\u0131 yans\u0131tacak.; Set \u0130\u00e7eri\u011fi: 1 \u00e7ift sallant\u0131l\u0131 k\u00fcpe ve 1 adet kolye ucu.; Stil Notu: Beyaz bir g\u00f6mlek veya \u015f\u0131k bir gece elbisesiyle m\u00fckemmel uyum sa\u011flar.; Zincir uzunlu\u011fu 42,5 cm uzatmal\u0131d\u0131r.;<\/p>\n","protected":false},"excerpt":{"rendered":"<p>925 AYAR G\u00dcM\u00dc\u015e I\u015eILTILI BEYAZ \u0130NC\u0130 KOLYE VE K\u00dcPE SET\u0130 Zarafetin En Saf Hali: \u0130nci Damlas\u0131 Set \ud83e\udd0d Do\u011fan\u0131n bize<\/p>\n","protected":false},"featured_media":10269,"comment_status":"open","ping_status":"closed","template":"","meta":[],"product_brand":[],"product_cat":[21,77],"product_tag":[],"class_list":{"0":"post-10267","1":"product","2":"type-product","3":"status-publish","4":"has-post-thumbnail","6":"product_cat-esem-gold","7":"product_cat-setler","9":"first","10":"instock","11":"sale","12":"shipping-taxable","13":"purchasable","14":"product-type-simple"},"_links":{"self":[{"href":"https:\/\/esemgoldist.com\/index.php\/wp-json\/wp\/v2\/product\/10267","targetHints":{"allow":["GET"]}}],"collection":[{"href":"https:\/\/esemgoldist.com\/index.php\/wp-json\/wp\/v2\/product"}],"about":[{"href":"https:\/\/esemgoldist.com\/index.php\/wp-json\/wp\/v2\/types\/product"}],"replies":[{"embeddable":true,"href":"https:\/\/esemgoldist.com\/index.php\/wp-json\/wp\/v2\/comments?post=10267"}],"wp:featuredmedia":[{"embeddable":true,"href":"https:\/\/esemgoldist.com\/index.php\/wp-json\/wp\/v2\/media\/10269"}],"wp:attachment":[{"href":"https:\/\/esemgoldist.com\/index.php\/wp-json\/wp\/v2\/media?parent=10267"}],"wp:term":[{"taxonomy":"product_brand","embeddable":true,"href":"https:\/\/esemgoldist.com\/index.php\/wp-json\/wp\/v2\/product_brand?post=10267"},{"taxonomy":"product_cat","embeddable":true,"href":"https:\/\/esemgoldist.com\/index.php\/wp-json\/wp\/v2\/product_cat?post=10267"},{"taxonomy":"product_tag","embeddable":true,"href":"https:\/\/esemgoldist.com\/index.php\/wp-json\/wp\/v2\/product_tag?post=10267"}],"curies":[{"name":"wp","href":"https:\/\/api.w.org\/{rel}","templated":true}]}}