{"id":10273,"date":"2026-04-12T12:18:54","date_gmt":"2026-04-12T09:18:54","guid":{"rendered":"https:\/\/esemgoldist.com\/?post_type=product&#038;p=10273"},"modified":"2026-04-15T20:26:32","modified_gmt":"2026-04-15T17:26:32","slug":"25-ayar-6-milim-beyaz-tek-tas-gumus-kupe","status":"publish","type":"product","link":"https:\/\/esemgoldist.com\/index.php\/urun\/25-ayar-6-milim-beyaz-tek-tas-gumus-kupe\/","title":{"rendered":"925 AYAR 6 M\u0130L\u0130M BEYAZ TEK TA\u015e G\u00dcM\u00dc\u015e K\u00dcPE"},"content":{"rendered":"<p>925 ayar g\u00fcm\u00fc\u015f malzeme ile \u00fcretilmi\u015f, uzun \u00f6m\u00fcrl\u00fc ve kaliteli bir aksesuar deneyimi sunar.; &#8211; Zirkon ta\u015f kullan\u0131m\u0131, g\u00f6z al\u0131c\u0131 bir parlakl\u0131k ve estetik bir g\u00f6r\u00fcn\u00fcm sa\u011flar.; &#8211; Nemli bir bezle kolayca temizlenebilir, b\u00f6ylece her zaman ilk g\u00fcnk\u00fc gibi \u015f\u0131kl\u0131\u011f\u0131n\u0131 korur.; &#8211; Unisex tasar\u0131m\u0131 ile hem kad\u0131nlar hem de erkekler i\u00e7in uygun, geni\u015f bir kullan\u0131c\u0131 yelpazesine hitap eder.; &#8211; Gen\u00e7lerin enerjisini ve stilini yans\u0131tan modern ve dinamik bir tasar\u0131ma sahiptir.; &#8211; T\u00fcrkiye&#8217;de \u00fcretilmi\u015ftir, yerel i\u015f\u00e7ili\u011fi destekler ve kalite standartlar\u0131na uygun olarak \u00fcretilmi\u015ftir.; K\u00fcpe hijen gerektirdi\u011fi i\u00e7in kabul edilmemekdir.; ANLAYI\u015eINIZ \u0130\u00c7\u0130N TE\u015eEKK\u00dcR EDR\u0130M.<\/p>\n","protected":false},"excerpt":{"rendered":"<p>925 ayar g\u00fcm\u00fc\u015f malzeme ile \u00fcretilmi\u015f, uzun \u00f6m\u00fcrl\u00fc ve kaliteli bir aksesuar deneyimi sunar.; &#8211; Zirkon ta\u015f kullan\u0131m\u0131, g\u00f6z al\u0131c\u0131<\/p>\n","protected":false},"featured_media":10279,"comment_status":"open","ping_status":"closed","template":"","meta":[],"product_brand":[],"product_cat":[21,42],"product_tag":[],"class_list":{"0":"post-10273","1":"product","2":"type-product","3":"status-publish","4":"has-post-thumbnail","6":"product_cat-esem-gold","7":"product_cat-kupe","9":"first","10":"instock","11":"sale","12":"shipping-taxable","13":"purchasable","14":"product-type-simple"},"_links":{"self":[{"href":"https:\/\/esemgoldist.com\/index.php\/wp-json\/wp\/v2\/product\/10273","targetHints":{"allow":["GET"]}}],"collection":[{"href":"https:\/\/esemgoldist.com\/index.php\/wp-json\/wp\/v2\/product"}],"about":[{"href":"https:\/\/esemgoldist.com\/index.php\/wp-json\/wp\/v2\/types\/product"}],"replies":[{"embeddable":true,"href":"https:\/\/esemgoldist.com\/index.php\/wp-json\/wp\/v2\/comments?post=10273"}],"wp:featuredmedia":[{"embeddable":true,"href":"https:\/\/esemgoldist.com\/index.php\/wp-json\/wp\/v2\/media\/10279"}],"wp:attachment":[{"href":"https:\/\/esemgoldist.com\/index.php\/wp-json\/wp\/v2\/media?parent=10273"}],"wp:term":[{"taxonomy":"product_brand","embeddable":true,"href":"https:\/\/esemgoldist.com\/index.php\/wp-json\/wp\/v2\/product_brand?post=10273"},{"taxonomy":"product_cat","embeddable":true,"href":"https:\/\/esemgoldist.com\/index.php\/wp-json\/wp\/v2\/product_cat?post=10273"},{"taxonomy":"product_tag","embeddable":true,"href":"https:\/\/esemgoldist.com\/index.php\/wp-json\/wp\/v2\/product_tag?post=10273"}],"curies":[{"name":"wp","href":"https:\/\/api.w.org\/{rel}","templated":true}]}}