{"id":10282,"date":"2026-04-14T22:42:17","date_gmt":"2026-04-14T19:42:17","guid":{"rendered":"https:\/\/esemgoldist.com\/?post_type=product&#038;p=10282"},"modified":"2026-04-14T22:43:12","modified_gmt":"2026-04-14T19:43:12","slug":"925-ayar-6-milim-pembe-tek-tas-gumus-kupe","status":"publish","type":"product","link":"https:\/\/esemgoldist.com\/index.php\/urun\/925-ayar-6-milim-pembe-tek-tas-gumus-kupe\/","title":{"rendered":"925 AYAR 6 M\u0130L\u0130M PEMBE TEK TA\u015e G\u00dcM\u00dc\u015e K\u00dcPE"},"content":{"rendered":"<p>&#8211; 925 ayar g\u00fcm\u00fc\u015f malzeme ile \u00fcretilmi\u015f, uzun \u00f6m\u00fcrl\u00fc ve kaliteli bir aksesuar deneyimi sunar.; &#8211; G\u00f6z al\u0131c\u0131 zirkon ta\u015f\u0131 ile par\u0131lt\u0131n\u0131z\u0131 her ortamda \u00f6n plana \u00e7\u0131kar\u0131r.; &#8211; Kolay temizlenebilir yap\u0131s\u0131 sayesinde nemli bir bezle silinerek bak\u0131m\u0131n\u0131n pratik bir \u015fekilde yap\u0131lmas\u0131 m\u00fcmk\u00fcnd\u00fcr.; &#8211; Kad\u0131n ve k\u0131zlar i\u00e7in \u00f6zel olarak tasarlanm\u0131\u015f, yeti\u015fkin ya\u015f grubuna hitap eden \u015f\u0131k bir tasar\u0131ma sahiptir.; &#8211; T\u00fcrkiye men\u015feli olup, yerel \u00fcretimle desteklenen bir \u00fcr\u00fcn olarak gurur verici bir men\u015fei ta\u015f\u0131r.; K\u00fcpe hijen gerektirdi\u011fi i\u00e7in kabul edilmemektedir.; ANLAYI\u015eINIZ \u0130\u00c7\u0130N TE\u015eEKK\u00dcR EDER\u0130M.;<\/p>\n","protected":false},"excerpt":{"rendered":"<p>&#8211; 925 ayar g\u00fcm\u00fc\u015f malzeme ile \u00fcretilmi\u015f, uzun \u00f6m\u00fcrl\u00fc ve kaliteli bir aksesuar deneyimi sunar.; &#8211; G\u00f6z al\u0131c\u0131 zirkon ta\u015f\u0131<\/p>\n","protected":false},"featured_media":10291,"comment_status":"open","ping_status":"closed","template":"","meta":[],"product_brand":[],"product_cat":[21,42],"product_tag":[],"class_list":{"0":"post-10282","1":"product","2":"type-product","3":"status-publish","4":"has-post-thumbnail","6":"product_cat-esem-gold","7":"product_cat-kupe","9":"first","10":"instock","11":"shipping-taxable","12":"purchasable","13":"product-type-simple"},"_links":{"self":[{"href":"https:\/\/esemgoldist.com\/index.php\/wp-json\/wp\/v2\/product\/10282","targetHints":{"allow":["GET"]}}],"collection":[{"href":"https:\/\/esemgoldist.com\/index.php\/wp-json\/wp\/v2\/product"}],"about":[{"href":"https:\/\/esemgoldist.com\/index.php\/wp-json\/wp\/v2\/types\/product"}],"replies":[{"embeddable":true,"href":"https:\/\/esemgoldist.com\/index.php\/wp-json\/wp\/v2\/comments?post=10282"}],"wp:featuredmedia":[{"embeddable":true,"href":"https:\/\/esemgoldist.com\/index.php\/wp-json\/wp\/v2\/media\/10291"}],"wp:attachment":[{"href":"https:\/\/esemgoldist.com\/index.php\/wp-json\/wp\/v2\/media?parent=10282"}],"wp:term":[{"taxonomy":"product_brand","embeddable":true,"href":"https:\/\/esemgoldist.com\/index.php\/wp-json\/wp\/v2\/product_brand?post=10282"},{"taxonomy":"product_cat","embeddable":true,"href":"https:\/\/esemgoldist.com\/index.php\/wp-json\/wp\/v2\/product_cat?post=10282"},{"taxonomy":"product_tag","embeddable":true,"href":"https:\/\/esemgoldist.com\/index.php\/wp-json\/wp\/v2\/product_tag?post=10282"}],"curies":[{"name":"wp","href":"https:\/\/api.w.org\/{rel}","templated":true}]}}