{"id":10299,"date":"2026-04-12T18:36:38","date_gmt":"2026-04-12T15:36:38","guid":{"rendered":"https:\/\/esemgoldist.com\/?post_type=product&#038;p=10299"},"modified":"2026-04-12T22:01:51","modified_gmt":"2026-04-12T19:01:51","slug":"925-ayar-6-milim-kirmizi-tek-tas-gumus-kupe-kopya","status":"publish","type":"product","link":"https:\/\/esemgoldist.com\/index.php\/urun\/925-ayar-6-milim-kirmizi-tek-tas-gumus-kupe-kopya\/","title":{"rendered":"925 AYAR 6 M\u0130L\u0130M KIRMIZI TEK TA\u015e G\u00dcM\u00dc\u015e K\u00dcPE"},"content":{"rendered":"<p>&#8211; 925 ayar g\u00fcm\u00fc\u015f malzeme ile \u00fcretilmi\u015f, uzun \u00f6m\u00fcrl\u00fc ve kaliteli bir aksesuar deneyimi sunar.; &#8211; G\u00f6z al\u0131c\u0131 zirkon ta\u015flarla s\u00fcslenmi\u015f, her t\u00fcrl\u00fc \u00f6zel g\u00fcn ve davet i\u00e7in ideal bir se\u00e7imdir.; &#8211; Kad\u0131n ve k\u0131zlara \u00f6zel tasar\u0131m\u0131yla, gen\u00e7 ya\u015f grubunun enerjisini ve zarafetini yans\u0131t\u0131r.; &#8211; T\u00fcrkiye&#8217;de \u00fcretilmi\u015f olup, yerel i\u015f\u00e7ilik ve kalite standartlar\u0131na uygun olarak haz\u0131rlanm\u0131\u015ft\u0131r.; K\u00fcpe hijen gerektirdi\u011fi i\u00e7in kabul edilmemektedir.; ANLAYI\u015eINIZ \u0130\u00c7\u0130N TE\u015eEKK\u00dcR EDER\u0130M.;<\/p>\n","protected":false},"excerpt":{"rendered":"<p>&#8211; 925 ayar g\u00fcm\u00fc\u015f malzeme ile \u00fcretilmi\u015f, uzun \u00f6m\u00fcrl\u00fc ve kaliteli bir aksesuar deneyimi sunar.; &#8211; G\u00f6z al\u0131c\u0131 zirkon ta\u015flarla<\/p>\n","protected":false},"featured_media":10284,"comment_status":"open","ping_status":"closed","template":"","meta":[],"product_brand":[],"product_cat":[21,42],"product_tag":[],"class_list":{"0":"post-10299","1":"product","2":"type-product","3":"status-publish","4":"has-post-thumbnail","6":"product_cat-esem-gold","7":"product_cat-kupe","9":"first","10":"instock","11":"shipping-taxable","12":"purchasable","13":"product-type-simple"},"_links":{"self":[{"href":"https:\/\/esemgoldist.com\/index.php\/wp-json\/wp\/v2\/product\/10299","targetHints":{"allow":["GET"]}}],"collection":[{"href":"https:\/\/esemgoldist.com\/index.php\/wp-json\/wp\/v2\/product"}],"about":[{"href":"https:\/\/esemgoldist.com\/index.php\/wp-json\/wp\/v2\/types\/product"}],"replies":[{"embeddable":true,"href":"https:\/\/esemgoldist.com\/index.php\/wp-json\/wp\/v2\/comments?post=10299"}],"wp:featuredmedia":[{"embeddable":true,"href":"https:\/\/esemgoldist.com\/index.php\/wp-json\/wp\/v2\/media\/10284"}],"wp:attachment":[{"href":"https:\/\/esemgoldist.com\/index.php\/wp-json\/wp\/v2\/media?parent=10299"}],"wp:term":[{"taxonomy":"product_brand","embeddable":true,"href":"https:\/\/esemgoldist.com\/index.php\/wp-json\/wp\/v2\/product_brand?post=10299"},{"taxonomy":"product_cat","embeddable":true,"href":"https:\/\/esemgoldist.com\/index.php\/wp-json\/wp\/v2\/product_cat?post=10299"},{"taxonomy":"product_tag","embeddable":true,"href":"https:\/\/esemgoldist.com\/index.php\/wp-json\/wp\/v2\/product_tag?post=10299"}],"curies":[{"name":"wp","href":"https:\/\/api.w.org\/{rel}","templated":true}]}}