{"id":10319,"date":"2026-04-14T22:32:34","date_gmt":"2026-04-14T19:32:34","guid":{"rendered":"https:\/\/esemgoldist.com\/?post_type=product&#038;p=10319"},"modified":"2026-04-14T22:36:42","modified_gmt":"2026-04-14T19:36:42","slug":"925-ayar-pullu-zincir-gumus-bileklik","status":"publish","type":"product","link":"https:\/\/esemgoldist.com\/index.php\/urun\/925-ayar-pullu-zincir-gumus-bileklik\/","title":{"rendered":"925 AYAR PULLU Z\u0130NC\u0130R G\u00dcM\u00dc\u015e B\u0130LEKL\u0130K"},"content":{"rendered":"<p>Zarif tasar\u0131m\u0131yla dikkat \u00e7eken bu bileklik, g\u00fcm\u00fc\u015f materyali sayesinde hem \u015f\u0131kl\u0131\u011f\u0131 hem de dayan\u0131kl\u0131l\u0131\u011f\u0131 bir arada sunar.; &#8211; Her ya\u015ftan kad\u0131n\u0131n tercih edebilece\u011fi bu aksesuar, yeti\u015fkinlerin g\u00fcnl\u00fck kullan\u0131m\u0131na uygun olarak tasarlanm\u0131\u015ft\u0131r.; &#8211; Kad\u0131nlara \u00f6zel olarak \u00fcretilen bu bileklik, zarafetiyle g\u00f6z kama\u015ft\u0131r\u0131r ve her t\u00fcrl\u00fc k\u0131yafetle kolayca kombinlenebilir.; &#8211; 925 ayar g\u00fcm\u00fc\u015f malzemesi ile kaliteyi \u00f6n planda tutarak uzun s\u00fcreli kullan\u0131ma olanak tan\u0131r.; Bilekli\u011fimizin boyu 17+3 cm uzatmal\u0131d\u0131r.; 6 gram a\u011f\u0131rl\u0131\u011f\u0131ndad\u0131r.;<\/p>\n","protected":false},"excerpt":{"rendered":"<p>Zarif tasar\u0131m\u0131yla dikkat \u00e7eken bu bileklik, g\u00fcm\u00fc\u015f materyali sayesinde hem \u015f\u0131kl\u0131\u011f\u0131 hem de dayan\u0131kl\u0131l\u0131\u011f\u0131 bir arada sunar.; &#8211; Her ya\u015ftan<\/p>\n","protected":false},"featured_media":10328,"comment_status":"open","ping_status":"closed","template":"","meta":[],"product_brand":[],"product_cat":[33,21],"product_tag":[],"class_list":{"0":"post-10319","1":"product","2":"type-product","3":"status-publish","4":"has-post-thumbnail","6":"product_cat-bileklik","7":"product_cat-esem-gold","9":"first","10":"instock","11":"sale","12":"shipping-taxable","13":"purchasable","14":"product-type-simple"},"_links":{"self":[{"href":"https:\/\/esemgoldist.com\/index.php\/wp-json\/wp\/v2\/product\/10319","targetHints":{"allow":["GET"]}}],"collection":[{"href":"https:\/\/esemgoldist.com\/index.php\/wp-json\/wp\/v2\/product"}],"about":[{"href":"https:\/\/esemgoldist.com\/index.php\/wp-json\/wp\/v2\/types\/product"}],"replies":[{"embeddable":true,"href":"https:\/\/esemgoldist.com\/index.php\/wp-json\/wp\/v2\/comments?post=10319"}],"wp:featuredmedia":[{"embeddable":true,"href":"https:\/\/esemgoldist.com\/index.php\/wp-json\/wp\/v2\/media\/10328"}],"wp:attachment":[{"href":"https:\/\/esemgoldist.com\/index.php\/wp-json\/wp\/v2\/media?parent=10319"}],"wp:term":[{"taxonomy":"product_brand","embeddable":true,"href":"https:\/\/esemgoldist.com\/index.php\/wp-json\/wp\/v2\/product_brand?post=10319"},{"taxonomy":"product_cat","embeddable":true,"href":"https:\/\/esemgoldist.com\/index.php\/wp-json\/wp\/v2\/product_cat?post=10319"},{"taxonomy":"product_tag","embeddable":true,"href":"https:\/\/esemgoldist.com\/index.php\/wp-json\/wp\/v2\/product_tag?post=10319"}],"curies":[{"name":"wp","href":"https:\/\/api.w.org\/{rel}","templated":true}]}}