{"id":10330,"date":"2026-04-14T22:45:46","date_gmt":"2026-04-14T19:45:46","guid":{"rendered":"https:\/\/esemgoldist.com\/?post_type=product&#038;p=10330"},"modified":"2026-04-14T22:46:43","modified_gmt":"2026-04-14T19:46:43","slug":"925-ayar-6-milim-kahve-rengi-tek-tas-gumus-kupe","status":"publish","type":"product","link":"https:\/\/esemgoldist.com\/index.php\/urun\/925-ayar-6-milim-kahve-rengi-tek-tas-gumus-kupe\/","title":{"rendered":"925 AYAR 6 M\u0130L\u0130M KAHVE RENG\u0130 TEK TA\u015e G\u00dcM\u00dc\u015e K\u00dcPE"},"content":{"rendered":"<p>925 ayar g\u00fcm\u00fc\u015f malzeme, uzun \u00f6m\u00fcrl\u00fc ve kaliteli bir kullan\u0131m sunar.; &#8211; Zirkon ta\u015f kullan\u0131m\u0131, parlak ve g\u00f6z al\u0131c\u0131 bir g\u00f6r\u00fcn\u00fcm sa\u011flar.; &#8211; Nemli bir bezle kolayca temizlenebilir yap\u0131s\u0131, bak\u0131m\u0131n\u0131 pratik hale getirir.; &#8211; T\u00fcrkiye men\u015feli \u00fcr\u00fcn, yerel \u00fcretimle desteklenmi\u015f bir tercihtir.; &#8211; Yeti\u015fkin kad\u0131nlar i\u00e7in ideal bir aksesuar olarak tasarlanm\u0131\u015ft\u0131r.; K\u00fcpe hijen gerektirdi\u011fi i\u00e7in kabul edilmemektedir.; ANLAYI\u015eINIZ \u0130\u00c7\u0130N TE\u015eEKK\u00dcR EDR\u0130M.;<\/p>\n","protected":false},"excerpt":{"rendered":"<p>925 ayar g\u00fcm\u00fc\u015f malzeme, uzun \u00f6m\u00fcrl\u00fc ve kaliteli bir kullan\u0131m sunar.; &#8211; Zirkon ta\u015f kullan\u0131m\u0131, parlak ve g\u00f6z al\u0131c\u0131 bir<\/p>\n","protected":false},"featured_media":10295,"comment_status":"open","ping_status":"closed","template":"","meta":[],"product_brand":[],"product_cat":[21],"product_tag":[],"class_list":{"0":"post-10330","1":"product","2":"type-product","3":"status-publish","4":"has-post-thumbnail","6":"product_cat-esem-gold","8":"first","9":"instock","10":"shipping-taxable","11":"purchasable","12":"product-type-simple"},"_links":{"self":[{"href":"https:\/\/esemgoldist.com\/index.php\/wp-json\/wp\/v2\/product\/10330","targetHints":{"allow":["GET"]}}],"collection":[{"href":"https:\/\/esemgoldist.com\/index.php\/wp-json\/wp\/v2\/product"}],"about":[{"href":"https:\/\/esemgoldist.com\/index.php\/wp-json\/wp\/v2\/types\/product"}],"replies":[{"embeddable":true,"href":"https:\/\/esemgoldist.com\/index.php\/wp-json\/wp\/v2\/comments?post=10330"}],"wp:featuredmedia":[{"embeddable":true,"href":"https:\/\/esemgoldist.com\/index.php\/wp-json\/wp\/v2\/media\/10295"}],"wp:attachment":[{"href":"https:\/\/esemgoldist.com\/index.php\/wp-json\/wp\/v2\/media?parent=10330"}],"wp:term":[{"taxonomy":"product_brand","embeddable":true,"href":"https:\/\/esemgoldist.com\/index.php\/wp-json\/wp\/v2\/product_brand?post=10330"},{"taxonomy":"product_cat","embeddable":true,"href":"https:\/\/esemgoldist.com\/index.php\/wp-json\/wp\/v2\/product_cat?post=10330"},{"taxonomy":"product_tag","embeddable":true,"href":"https:\/\/esemgoldist.com\/index.php\/wp-json\/wp\/v2\/product_tag?post=10330"}],"curies":[{"name":"wp","href":"https:\/\/api.w.org\/{rel}","templated":true}]}}