{"id":10357,"date":"2026-04-21T22:27:14","date_gmt":"2026-04-21T19:27:14","guid":{"rendered":"https:\/\/esemgoldist.com\/?post_type=product&#038;p=10357"},"modified":"2026-04-21T22:31:05","modified_gmt":"2026-04-21T19:31:05","slug":"925-ayar-su-yolu-sik-ve-isiltili-gumus-bileklik-altin-kaplamali","status":"publish","type":"product","link":"https:\/\/esemgoldist.com\/index.php\/urun\/925-ayar-su-yolu-sik-ve-isiltili-gumus-bileklik-altin-kaplamali\/","title":{"rendered":"925 AYAR SU YOLU \u015eIK VE I\u015eILTILI G\u00dcM\u00dc\u015e B\u0130LEKL\u0130K ALTIN KAPLAMALI"},"content":{"rendered":"<p>&#8211; 925 ayar g\u00fcm\u00fc\u015f malzeme kullan\u0131larak \u00fcretilmi\u015f, uzun \u00f6m\u00fcrl\u00fc ve kaliteli bir bilekliktir.; &#8211; T\u00fcrkiye&#8217;de \u00fcretilmi\u015f olup, yerel i\u015f\u00e7ili\u011fin ve tasar\u0131m\u0131n kalitesini yans\u0131t\u0131r.; &#8211; Alt\u0131n kaplama detaylar\u0131yla zenginle\u015ftirilmi\u015f, \u015f\u0131k ve \u0131\u015f\u0131lt\u0131l\u0131 bir g\u00f6r\u00fcn\u00fcme sahiptir.; &#8211; Zirkon ta\u015flarla s\u00fcslenmi\u015f olup, g\u00f6z al\u0131c\u0131 bir parlakl\u0131k ve estetik sunar.; &#8211; Kad\u0131n ve k\u0131zlar i\u00e7in ideal bir aksesuar olup, her ya\u015f grubuna hitap eder.; &#8211; Nemli bir bezle kolayca temizlenebilir, b\u00f6ylece bak\u0131m\u0131n\u0131n yap\u0131lmas\u0131 pratik ve zahmetsizdir.; Bileklik boyu 17+2 cm uzatmal\u0131d\u0131r, \u0130steyen gold isteyen g\u00fcm\u00fc\u015f sipari\u015f verebilirsiniz.;<\/p>\n","protected":false},"excerpt":{"rendered":"<p>&#8211; 925 ayar g\u00fcm\u00fc\u015f malzeme kullan\u0131larak \u00fcretilmi\u015f, uzun \u00f6m\u00fcrl\u00fc ve kaliteli bir bilekliktir.; &#8211; T\u00fcrkiye&#8217;de \u00fcretilmi\u015f olup, yerel i\u015f\u00e7ili\u011fin ve<\/p>\n","protected":false},"featured_media":10368,"comment_status":"open","ping_status":"closed","template":"","meta":[],"product_brand":[],"product_cat":[33,21],"product_tag":[],"class_list":{"0":"post-10357","1":"product","2":"type-product","3":"status-publish","4":"has-post-thumbnail","6":"product_cat-bileklik","7":"product_cat-esem-gold","9":"first","10":"instock","11":"sale","12":"shipping-taxable","13":"purchasable","14":"product-type-simple"},"_links":{"self":[{"href":"https:\/\/esemgoldist.com\/index.php\/wp-json\/wp\/v2\/product\/10357","targetHints":{"allow":["GET"]}}],"collection":[{"href":"https:\/\/esemgoldist.com\/index.php\/wp-json\/wp\/v2\/product"}],"about":[{"href":"https:\/\/esemgoldist.com\/index.php\/wp-json\/wp\/v2\/types\/product"}],"replies":[{"embeddable":true,"href":"https:\/\/esemgoldist.com\/index.php\/wp-json\/wp\/v2\/comments?post=10357"}],"wp:featuredmedia":[{"embeddable":true,"href":"https:\/\/esemgoldist.com\/index.php\/wp-json\/wp\/v2\/media\/10368"}],"wp:attachment":[{"href":"https:\/\/esemgoldist.com\/index.php\/wp-json\/wp\/v2\/media?parent=10357"}],"wp:term":[{"taxonomy":"product_brand","embeddable":true,"href":"https:\/\/esemgoldist.com\/index.php\/wp-json\/wp\/v2\/product_brand?post=10357"},{"taxonomy":"product_cat","embeddable":true,"href":"https:\/\/esemgoldist.com\/index.php\/wp-json\/wp\/v2\/product_cat?post=10357"},{"taxonomy":"product_tag","embeddable":true,"href":"https:\/\/esemgoldist.com\/index.php\/wp-json\/wp\/v2\/product_tag?post=10357"}],"curies":[{"name":"wp","href":"https:\/\/api.w.org\/{rel}","templated":true}]}}