{"id":10376,"date":"2026-04-21T22:38:52","date_gmt":"2026-04-21T19:38:52","guid":{"rendered":"https:\/\/esemgoldist.com\/?post_type=product&#038;p=10376"},"modified":"2026-04-21T22:49:17","modified_gmt":"2026-04-21T19:49:17","slug":"925-ayar-su-yolu-sik-ve-isiltili-miks-renkli-tasli-gumus-bileklik-altin-kaplamali","status":"publish","type":"product","link":"https:\/\/esemgoldist.com\/index.php\/urun\/925-ayar-su-yolu-sik-ve-isiltili-miks-renkli-tasli-gumus-bileklik-altin-kaplamali\/","title":{"rendered":"925 AYAR SU YOLU \u015eIK VE I\u015eILTILI M\u0130KS RENKL\u0130 TA\u015eLI G\u00dcM\u00dc\u015e B\u0130LEKL\u0130K ALTIN KAPLAMALI"},"content":{"rendered":"<p>&#8211; 925 ayar g\u00fcm\u00fc\u015ften \u00fcretilmi\u015f, uzun \u00f6m\u00fcrl\u00fc ve kaliteli bir bileklik.; &#8211; G\u00f6z al\u0131c\u0131 zirkon ta\u015flarla s\u00fcslenmi\u015f, \u015f\u0131kl\u0131\u011f\u0131 ve \u0131\u015f\u0131lt\u0131y\u0131 bir arada sunar.; &#8211; Alt\u0131n kaplama detaylar\u0131 ile modern ve zarif bir g\u00f6r\u00fcn\u00fcm kazand\u0131r\u0131r.; &#8211; T\u00fcrkiye&#8217;de \u00fcretilmi\u015f olup, yerel i\u015f\u00e7ilik ve kaliteyi yans\u0131t\u0131r.; &#8211; Yeti\u015fkin kad\u0131nlar ve k\u0131zlar i\u00e7in ideal bir aksesuar se\u00e7ene\u011fi sunar.; &#8211; Kolay bak\u0131m imkan\u0131 sa\u011flar; nemli bir bezle silerek temizli\u011fi ,Bileklik boyu 17+2 cm uzatmal\u0131d\u0131r, \u0130steyen gold isteyen g\u00fcm\u00fc\u015f rengi sipari\u015f verebilirsiniz.;<\/p>\n","protected":false},"excerpt":{"rendered":"<p>&#8211; 925 ayar g\u00fcm\u00fc\u015ften \u00fcretilmi\u015f, uzun \u00f6m\u00fcrl\u00fc ve kaliteli bir bileklik.; &#8211; G\u00f6z al\u0131c\u0131 zirkon ta\u015flarla s\u00fcslenmi\u015f, \u015f\u0131kl\u0131\u011f\u0131 ve \u0131\u015f\u0131lt\u0131y\u0131<\/p>\n","protected":false},"featured_media":10363,"comment_status":"open","ping_status":"closed","template":"","meta":[],"product_brand":[],"product_cat":[33,21],"product_tag":[],"class_list":{"0":"post-10376","1":"product","2":"type-product","3":"status-publish","4":"has-post-thumbnail","6":"product_cat-bileklik","7":"product_cat-esem-gold","9":"first","10":"instock","11":"sale","12":"shipping-taxable","13":"purchasable","14":"product-type-simple"},"_links":{"self":[{"href":"https:\/\/esemgoldist.com\/index.php\/wp-json\/wp\/v2\/product\/10376","targetHints":{"allow":["GET"]}}],"collection":[{"href":"https:\/\/esemgoldist.com\/index.php\/wp-json\/wp\/v2\/product"}],"about":[{"href":"https:\/\/esemgoldist.com\/index.php\/wp-json\/wp\/v2\/types\/product"}],"replies":[{"embeddable":true,"href":"https:\/\/esemgoldist.com\/index.php\/wp-json\/wp\/v2\/comments?post=10376"}],"wp:featuredmedia":[{"embeddable":true,"href":"https:\/\/esemgoldist.com\/index.php\/wp-json\/wp\/v2\/media\/10363"}],"wp:attachment":[{"href":"https:\/\/esemgoldist.com\/index.php\/wp-json\/wp\/v2\/media?parent=10376"}],"wp:term":[{"taxonomy":"product_brand","embeddable":true,"href":"https:\/\/esemgoldist.com\/index.php\/wp-json\/wp\/v2\/product_brand?post=10376"},{"taxonomy":"product_cat","embeddable":true,"href":"https:\/\/esemgoldist.com\/index.php\/wp-json\/wp\/v2\/product_cat?post=10376"},{"taxonomy":"product_tag","embeddable":true,"href":"https:\/\/esemgoldist.com\/index.php\/wp-json\/wp\/v2\/product_tag?post=10376"}],"curies":[{"name":"wp","href":"https:\/\/api.w.org\/{rel}","templated":true}]}}