{"id":10388,"date":"2026-04-23T23:02:48","date_gmt":"2026-04-23T20:02:48","guid":{"rendered":"https:\/\/esemgoldist.com\/?post_type=product&#038;p=10388"},"modified":"2026-04-23T23:05:33","modified_gmt":"2026-04-23T20:05:33","slug":"925-ayar-gumus-tektas-isiltili-siyah-inci-kolye-ve-kupe-seti","status":"publish","type":"product","link":"https:\/\/esemgoldist.com\/index.php\/urun\/925-ayar-gumus-tektas-isiltili-siyah-inci-kolye-ve-kupe-seti\/","title":{"rendered":"925 AYAR G\u00dcM\u00dc\u015e TEKTA\u015e I\u015eILTILI S\u0130YAH \u0130NC\u0130 KOLYE VE K\u00dcPE SET\u0130"},"content":{"rendered":"<p>925 AYAR G\u00dcM\u00dc\u015e I\u015eILTILI S\u0130YAH \u0130NC\u0130 KOLYE VE K\u00dcPE SET\u0130 &#8211; 925 ayar g\u00fcm\u00fc\u015f \u00fczerine i\u015flenmi\u015f, zarif ve \u015f\u0131k bir tasar\u0131m.; &#8211; Parlak siyah inci ta\u015flar\u0131yla g\u00f6z al\u0131c\u0131 bir g\u00f6r\u00fcn\u00fcm sunar.; &#8211; T\u00fcrkiye&#8217;de \u00fcretilmi\u015f, yerel i\u015f\u00e7ili\u011fin kalitesini yans\u0131t\u0131r.; &#8211; Kat\u0131 yap\u0131s\u0131 sayesinde uzun \u00f6m\u00fcrl\u00fc kullan\u0131m sa\u011flar.; &#8211; A6 boyutunda, ideal boyutta ve ta\u015f\u0131mas\u0131 kolayd\u0131r.; &#8211; \u0130nci ta\u015f\u0131n\u0131n do\u011fal g\u00fczelli\u011fini \u00f6n plana \u00e7\u0131karan zarif bir set.; &#8211; Kolye ve k\u00fcpe olmak \u00fczere iki par\u00e7adan olu\u015fan set, kombinlerinizi tamamlar.; &#8211; Nemli bir bezle kolayca temizlenebilir, bak\u0131m\u0131 pratiktir.; &#8211; Paketi a\u00e7t\u0131\u011f\u0131n\u0131zda hem kolye hem de k\u00fcpe ile \u015f\u0131kl\u0131\u011f\u0131n\u0131z\u0131 tamamlayabilirsiniz.;<\/p>\n","protected":false},"excerpt":{"rendered":"<p>925 AYAR G\u00dcM\u00dc\u015e I\u015eILTILI S\u0130YAH \u0130NC\u0130 KOLYE VE K\u00dcPE SET\u0130 &#8211; 925 ayar g\u00fcm\u00fc\u015f \u00fczerine i\u015flenmi\u015f, zarif ve \u015f\u0131k bir<\/p>\n","protected":false},"featured_media":10389,"comment_status":"open","ping_status":"closed","template":"","meta":[],"product_brand":[],"product_cat":[21,29,42],"product_tag":[],"class_list":{"0":"post-10388","1":"product","2":"type-product","3":"status-publish","4":"has-post-thumbnail","6":"product_cat-esem-gold","7":"product_cat-kolye","8":"product_cat-kupe","10":"first","11":"instock","12":"shipping-taxable","13":"product-type-simple"},"_links":{"self":[{"href":"https:\/\/esemgoldist.com\/index.php\/wp-json\/wp\/v2\/product\/10388","targetHints":{"allow":["GET"]}}],"collection":[{"href":"https:\/\/esemgoldist.com\/index.php\/wp-json\/wp\/v2\/product"}],"about":[{"href":"https:\/\/esemgoldist.com\/index.php\/wp-json\/wp\/v2\/types\/product"}],"replies":[{"embeddable":true,"href":"https:\/\/esemgoldist.com\/index.php\/wp-json\/wp\/v2\/comments?post=10388"}],"wp:featuredmedia":[{"embeddable":true,"href":"https:\/\/esemgoldist.com\/index.php\/wp-json\/wp\/v2\/media\/10389"}],"wp:attachment":[{"href":"https:\/\/esemgoldist.com\/index.php\/wp-json\/wp\/v2\/media?parent=10388"}],"wp:term":[{"taxonomy":"product_brand","embeddable":true,"href":"https:\/\/esemgoldist.com\/index.php\/wp-json\/wp\/v2\/product_brand?post=10388"},{"taxonomy":"product_cat","embeddable":true,"href":"https:\/\/esemgoldist.com\/index.php\/wp-json\/wp\/v2\/product_cat?post=10388"},{"taxonomy":"product_tag","embeddable":true,"href":"https:\/\/esemgoldist.com\/index.php\/wp-json\/wp\/v2\/product_tag?post=10388"}],"curies":[{"name":"wp","href":"https:\/\/api.w.org\/{rel}","templated":true}]}}