{"id":10400,"date":"2026-05-01T00:40:48","date_gmt":"2026-04-30T21:40:48","guid":{"rendered":"https:\/\/esemgoldist.com\/?post_type=product&#038;p=10400"},"modified":"2026-05-01T00:42:32","modified_gmt":"2026-04-30T21:42:32","slug":"925-ayar-isiltili-tektas-salantili-kirmizi-gumus-inci-kupe","status":"publish","type":"product","link":"https:\/\/esemgoldist.com\/index.php\/urun\/925-ayar-isiltili-tektas-salantili-kirmizi-gumus-inci-kupe\/","title":{"rendered":"925 AYAR I\u015eILTILI TEKTA\u015e SALANTILI KIRMIZI G\u00dcM\u00dc\u015e \u0130NC\u0130 K\u00dcPE"},"content":{"rendered":"<p>925 AYAR G\u00dcM\u00dc\u015e I\u015eILTILI KIRMIZI \u0130NC\u0130 K\u00dcPE 925 ayar g\u00fcm\u00fc\u015f kullan\u0131larak \u00fcretilmi\u015f, uzun \u00f6m\u00fcrl\u00fc ve kaliteli bir aksesuar deneyimi sunar.; &#8211; G\u00f6z al\u0131c\u0131 inci ta\u015flar\u0131 ile zarif bir g\u00f6r\u00fcn\u00fcm kazand\u0131r\u0131rken, her t\u00fcrl\u00fc k\u0131yafetle uyum sa\u011flayacak \u015f\u0131kl\u0131\u011f\u0131 garanti eder.; &#8211; Kat\u0131 yap\u0131s\u0131 sayesinde dayan\u0131kl\u0131l\u0131k ve konforu bir arada sunarak g\u00fcnl\u00fck kullan\u0131m i\u00e7in idealdir.; &#8211; T\u00fcrkiye&#8217;de \u00fcretilmi\u015f olmas\u0131, yerel i\u015f\u00e7ili\u011fin ve kalite standartlar\u0131n\u0131n bir yans\u0131mas\u0131d\u0131r.;<\/p>\n","protected":false},"excerpt":{"rendered":"<p>925 AYAR G\u00dcM\u00dc\u015e I\u015eILTILI KIRMIZI \u0130NC\u0130 K\u00dcPE 925 ayar g\u00fcm\u00fc\u015f kullan\u0131larak \u00fcretilmi\u015f, uzun \u00f6m\u00fcrl\u00fc ve kaliteli bir aksesuar deneyimi sunar.;<\/p>\n","protected":false},"featured_media":0,"comment_status":"open","ping_status":"closed","template":"","meta":[],"product_brand":[],"product_cat":[21,42],"product_tag":[],"class_list":{"0":"post-10400","1":"product","2":"type-product","3":"status-publish","5":"product_cat-esem-gold","6":"product_cat-kupe","8":"first","9":"instock","10":"shipping-taxable","11":"product-type-simple"},"_links":{"self":[{"href":"https:\/\/esemgoldist.com\/index.php\/wp-json\/wp\/v2\/product\/10400","targetHints":{"allow":["GET"]}}],"collection":[{"href":"https:\/\/esemgoldist.com\/index.php\/wp-json\/wp\/v2\/product"}],"about":[{"href":"https:\/\/esemgoldist.com\/index.php\/wp-json\/wp\/v2\/types\/product"}],"replies":[{"embeddable":true,"href":"https:\/\/esemgoldist.com\/index.php\/wp-json\/wp\/v2\/comments?post=10400"}],"wp:attachment":[{"href":"https:\/\/esemgoldist.com\/index.php\/wp-json\/wp\/v2\/media?parent=10400"}],"wp:term":[{"taxonomy":"product_brand","embeddable":true,"href":"https:\/\/esemgoldist.com\/index.php\/wp-json\/wp\/v2\/product_brand?post=10400"},{"taxonomy":"product_cat","embeddable":true,"href":"https:\/\/esemgoldist.com\/index.php\/wp-json\/wp\/v2\/product_cat?post=10400"},{"taxonomy":"product_tag","embeddable":true,"href":"https:\/\/esemgoldist.com\/index.php\/wp-json\/wp\/v2\/product_tag?post=10400"}],"curies":[{"name":"wp","href":"https:\/\/api.w.org\/{rel}","templated":true}]}}